{"id":5451,"date":"2024-06-08T10:56:33","date_gmt":"2024-06-08T08:56:33","guid":{"rendered":"https:\/\/welhomy.com\/?page_id=5451"},"modified":"2024-07-02T08:39:22","modified_gmt":"2024-07-02T06:39:22","slug":"blog","status":"publish","type":"page","link":"https:\/\/welhomy.com\/es\/blog\/","title":{"rendered":"Blog"},"content":{"rendered":"<div data-elementor-type=\"wp-page\" data-elementor-id=\"5451\" class=\"elementor elementor-5451\" data-elementor-post-type=\"page\">\n\t\t\t\t<div data-dce-background-overlay-image-url=\"https:\/\/welhomy.com\/wp-content\/uploads\/2024\/06\/WAVE-W.svg\" class=\"elementor-element elementor-element-94e3927 e-flex e-con-boxed e-con e-parent\" data-id=\"94e3927\" data-element_type=\"container\" data-settings=\"{&quot;background_background&quot;:&quot;classic&quot;,&quot;jet_parallax_layout_list&quot;:[]}\">\n\t\t\t\t\t<div class=\"e-con-inner\">\n\t\t<div data-dce-background-image-url=\"https:\/\/welhomy.com\/wp-content\/uploads\/2024\/06\/blog-1.jpg\" class=\"elementor-element elementor-element-cc1f93c e-con-full e-flex e-con e-child\" data-id=\"cc1f93c\" data-element_type=\"container\" data-settings=\"{&quot;jet_parallax_layout_list&quot;:[],&quot;background_background&quot;:&quot;classic&quot;}\">\n\t\t\t\t<div class=\"elementor-element elementor-element-234850f elementor-widget elementor-widget-heading\" data-id=\"234850f\" data-element_type=\"widget\" data-widget_type=\"heading.default\">\n\t\t\t\t<div class=\"elementor-widget-container\">\n\t\t\t<h1 class=\"elementor-heading-title elementor-size-default\">Blog<\/h1>\t\t<\/div>\n\t\t\t\t<\/div>\n\t\t\t\t<\/div>\n\t\t\t\t\t<\/div>\n\t\t\t\t<\/div>\n\t\t<div data-dce-background-color=\"#FEF5DE\" class=\"elementor-element elementor-element-4df64a6 e-flex e-con-boxed e-con e-parent\" data-id=\"4df64a6\" data-element_type=\"container\" data-settings=\"{&quot;background_background&quot;:&quot;gradient&quot;,&quot;jet_parallax_layout_list&quot;:[]}\">\n\t\t\t\t\t<div class=\"e-con-inner\">\n\t\t<div class=\"elementor-element elementor-element-4dfed19 e-con-full e-flex e-con e-child\" data-id=\"4dfed19\" data-element_type=\"container\" data-settings=\"{&quot;jet_parallax_layout_list&quot;:[]}\">\n\t\t\t\t<div class=\"elementor-element elementor-element-45c24cf elementor-widget elementor-widget-heading\" data-id=\"45c24cf\" data-element_type=\"widget\" data-widget_type=\"heading.default\">\n\t\t\t\t<div class=\"elementor-widget-container\">\n\t\t\t<span class=\"elementor-heading-title elementor-size-default\">Encuentre todas nuestras publicaciones aqu\u00ed:<\/span>\t\t<\/div>\n\t\t\t\t<\/div>\n\t\t\t\t<div class=\"elementor-element elementor-element-b245d0b elementor-widget__width-inherit elementor-widget elementor-widget-jet-posts\" data-id=\"b245d0b\" data-element_type=\"widget\" id=\"CONTENT-BLOG\" data-settings=\"{&quot;columns_tablet&quot;:&quot;2&quot;,&quot;columns_mobile&quot;:&quot;1&quot;,&quot;columns&quot;:3,&quot;slides_to_scroll&quot;:&quot;1&quot;}\" data-widget_type=\"jet-posts.default\">\n\t\t\t\t<div class=\"elementor-widget-container\">\n\t\t\t<div class=\"elementor-jet-posts jet-elements\"><div class=\"jet-posts col-row  jet-equal-cols\"><div class=\"jet-posts__item\">\n\t<div class=\"jet-posts__inner-box\"><div class=\"post-thumbnail\"><a href=\"https:\/\/welhomy.com\/es\/nra-2026-depot-annuel-obligatoire-espagne\/\" class=\"post-thumbnail__link\"><img loading=\"lazy\" decoding=\"async\" class=\"post-thumbnail__img wp-post-image\" src=\"https:\/\/welhomy.com\/wp-content\/uploads\/2026\/01\/image-768x512.png\" alt=\"NRA 2026 : d\u00e9p\u00f4t annuel obligatoire (Espagne)\" width=\"768\" height=\"512\"><\/a><\/div><div class=\"jet-posts__inner-content\"><h2 class=\"entry-title\"><a href=\"https:\/\/welhomy.com\/es\/nra-2026-depot-annuel-obligatoire-espagne\/\" target=\"\">NRA 2026 : d\u00e9p\u00f4t annuel obligatoire (Espagne)<\/a><\/h2><div class=\"jet-more-wrap\"><a href=\"https:\/\/welhomy.com\/es\/nra-2026-depot-annuel-obligatoire-espagne\/\" class=\"btn btn-primary elementor-button elementor-size-md jet-more\" target=\"\"><span class=\"btn__text\">Leer el art\u00edculo<\/span><\/a><\/div><\/div><\/div>\n<\/div>\n<div class=\"jet-posts__item\">\n\t<div class=\"jet-posts__inner-box\"><div class=\"post-thumbnail\"><a href=\"https:\/\/welhomy.com\/es\/locations-touristiques-en-espagne-costa-brava-nouveau-numero-de-registre-obligatoire-avant-juillet-2025\/\" class=\"post-thumbnail__link\"><img loading=\"lazy\" decoding=\"async\" class=\"post-thumbnail__img wp-post-image\" src=\"https:\/\/welhomy.com\/wp-content\/uploads\/2025\/06\/image-768x512.png\" alt=\"Locations touristiques en Espagne (Costa Brava) : nouveau num\u00e9ro de registre obligatoire avant juillet 2025\" width=\"768\" height=\"512\"><\/a><\/div><div class=\"jet-posts__inner-content\"><h2 class=\"entry-title\"><a href=\"https:\/\/welhomy.com\/es\/locations-touristiques-en-espagne-costa-brava-nouveau-numero-de-registre-obligatoire-avant-juillet-2025\/\" target=\"\">Locations touristiques en Espagne (Costa Brava) : nouveau num\u00e9ro de registre obligatoire avant juillet 2025<\/a><\/h2><div class=\"jet-more-wrap\"><a href=\"https:\/\/welhomy.com\/es\/locations-touristiques-en-espagne-costa-brava-nouveau-numero-de-registre-obligatoire-avant-juillet-2025\/\" class=\"btn btn-primary elementor-button elementor-size-md jet-more\" target=\"\"><span class=\"btn__text\">Leer el art\u00edculo<\/span><\/a><\/div><\/div><\/div>\n<\/div>\n<div class=\"jet-posts__item\">\n\t<div class=\"jet-posts__inner-box\"><div class=\"post-thumbnail\"><a href=\"https:\/\/welhomy.com\/es\/comment-declarer-et-payer-la-taxe-de-sejour-en-catalogne-pour-votre-propriete-touristique-en-2024\/\" class=\"post-thumbnail__link\"><img loading=\"lazy\" decoding=\"async\" class=\"post-thumbnail__img wp-post-image\" src=\"https:\/\/welhomy.com\/wp-content\/uploads\/2024\/08\/image-768x512.png\" alt=\"C\u00f3mo declarar y pagar la tasa tur\u00edstica en Catalu\u00f1a en 2024\" width=\"768\" height=\"512\"><\/a><\/div><div class=\"jet-posts__inner-content\"><h2 class=\"entry-title\"><a href=\"https:\/\/welhomy.com\/es\/comment-declarer-et-payer-la-taxe-de-sejour-en-catalogne-pour-votre-propriete-touristique-en-2024\/\" target=\"\">C\u00f3mo declarar y pagar la tasa tur\u00edstica en Catalu\u00f1a en 2024<\/a><\/h2><div class=\"jet-more-wrap\"><a href=\"https:\/\/welhomy.com\/es\/comment-declarer-et-payer-la-taxe-de-sejour-en-catalogne-pour-votre-propriete-touristique-en-2024\/\" class=\"btn btn-primary elementor-button elementor-size-md jet-more\" target=\"\"><span class=\"btn__text\">Leer el art\u00edculo<\/span><\/a><\/div><\/div><\/div>\n<\/div>\n<div class=\"jet-posts__item\">\n\t<div class=\"jet-posts__inner-box\"><div class=\"post-thumbnail\"><a href=\"https:\/\/welhomy.com\/es\/exemple-article-de-blog-1\/\" class=\"post-thumbnail__link\"><img loading=\"lazy\" decoding=\"async\" class=\"post-thumbnail__img wp-post-image\" src=\"https:\/\/welhomy.com\/wp-content\/uploads\/2024\/06\/image-768x512.png\" alt=\"\u00bfPor qu\u00e9 delegar la gesti\u00f3n de su propiedad en un servicio de conserjer\u00eda?\" width=\"768\" height=\"512\"><\/a><\/div><div class=\"jet-posts__inner-content\"><h2 class=\"entry-title\"><a href=\"https:\/\/welhomy.com\/es\/exemple-article-de-blog-1\/\" target=\"\">\u00bfPor qu\u00e9 delegar la gesti\u00f3n de su propiedad en un servicio de conserjer\u00eda?<\/a><\/h2><div class=\"jet-more-wrap\"><a href=\"https:\/\/welhomy.com\/es\/exemple-article-de-blog-1\/\" class=\"btn btn-primary elementor-button elementor-size-md jet-more\" target=\"\"><span class=\"btn__text\">Leer el art\u00edculo<\/span><\/a><\/div><\/div><\/div>\n<\/div>\n<\/div>\n<\/div>\t\t<\/div>\n\t\t\t\t<\/div>\n\t\t\t\t<\/div>\n\t\t\t\t\t<\/div>\n\t\t\t\t<\/div>\n\t\t\t\t<\/div>","protected":false},"excerpt":{"rendered":"<p>Blog Encuentre aqu\u00ed todas nuestras publicaciones: \u00bfPor qu\u00e9 delegar la gesti\u00f3n de su propiedad en un servicio de conserjer\u00eda? Lee el articulo<\/p>","protected":false},"author":1,"featured_media":0,"parent":0,"menu_order":0,"comment_status":"closed","ping_status":"closed","template":"","meta":{"footnotes":""},"class_list":["post-5451","page","type-page","status-publish","hentry"],"acf":[],"yoast_head":"<!-- This site is optimized with the Yoast SEO plugin v27.1.1 - https:\/\/yoast.com\/product\/yoast-seo-wordpress\/ -->\n<title>Blog de Welhomy - Conseils et Astuces pour Gestion Locative<\/title>\n<meta name=\"description\" content=\"Explorez le blog de Welhomy pour des conseils et astuces sur la gestion locative. Maximisez vos revenus et optimisez votre location touristique.\" \/>\n<meta name=\"robots\" content=\"index, follow, max-snippet:-1, max-image-preview:large, max-video-preview:-1\" \/>\n<link rel=\"canonical\" href=\"https:\/\/welhomy.com\/es\/blog\/\" \/>\n<meta property=\"og:locale\" content=\"es_ES\" \/>\n<meta property=\"og:type\" content=\"article\" \/>\n<meta property=\"og:title\" content=\"Blog de Welhomy - Conseils et Astuces pour Gestion Locative\" \/>\n<meta property=\"og:description\" content=\"Explorez le blog de Welhomy pour des conseils et astuces sur la gestion locative. Maximisez vos revenus et optimisez votre location touristique.\" \/>\n<meta property=\"og:url\" content=\"https:\/\/welhomy.com\/es\/blog\/\" \/>\n<meta property=\"og:site_name\" content=\"Welhomy - Conciergerie\" \/>\n<meta property=\"article:modified_time\" content=\"2024-07-02T06:39:22+00:00\" \/>\n<meta property=\"og:image\" content=\"https:\/\/welhomy.com\/wp-content\/uploads\/2024\/06\/76845-1-768x512.jpg\" \/>\n<meta name=\"twitter:card\" content=\"summary_large_image\" \/>\n<meta name=\"twitter:label1\" content=\"Tiempo de lectura\" \/>\n\t<meta name=\"twitter:data1\" content=\"1 minuto\" \/>\n<script type=\"application\/ld+json\" class=\"yoast-schema-graph\">{\"@context\":\"https:\/\/schema.org\",\"@graph\":[{\"@type\":\"WebPage\",\"@id\":\"https:\/\/welhomy.com\/blog\/\",\"url\":\"https:\/\/welhomy.com\/blog\/\",\"name\":\"Blog de Welhomy - Conseils et Astuces pour Gestion Locative\",\"isPartOf\":{\"@id\":\"https:\/\/welhomy.com\/#website\"},\"primaryImageOfPage\":{\"@id\":\"https:\/\/welhomy.com\/blog\/#primaryimage\"},\"image\":{\"@id\":\"https:\/\/welhomy.com\/blog\/#primaryimage\"},\"thumbnailUrl\":\"https:\/\/welhomy.com\/wp-content\/uploads\/2024\/06\/76845-1-768x512.jpg\",\"datePublished\":\"2024-06-08T08:56:33+00:00\",\"dateModified\":\"2024-07-02T06:39:22+00:00\",\"description\":\"Explorez le blog de Welhomy pour des conseils et astuces sur la gestion locative. Maximisez vos revenus et optimisez votre location touristique.\",\"breadcrumb\":{\"@id\":\"https:\/\/welhomy.com\/blog\/#breadcrumb\"},\"inLanguage\":\"es\",\"potentialAction\":[{\"@type\":\"ReadAction\",\"target\":[\"https:\/\/welhomy.com\/blog\/\"]}]},{\"@type\":\"ImageObject\",\"inLanguage\":\"es\",\"@id\":\"https:\/\/welhomy.com\/blog\/#primaryimage\",\"url\":\"https:\/\/welhomy.com\/wp-content\/uploads\/2024\/06\/76845-1-768x512.jpg\",\"contentUrl\":\"https:\/\/welhomy.com\/wp-content\/uploads\/2024\/06\/76845-1-768x512.jpg\"},{\"@type\":\"BreadcrumbList\",\"@id\":\"https:\/\/welhomy.com\/blog\/#breadcrumb\",\"itemListElement\":[{\"@type\":\"ListItem\",\"position\":1,\"name\":\"Accueil\",\"item\":\"https:\/\/welhomy.com\/\"},{\"@type\":\"ListItem\",\"position\":2,\"name\":\"Blog\"}]},{\"@type\":\"WebSite\",\"@id\":\"https:\/\/welhomy.com\/#website\",\"url\":\"https:\/\/welhomy.com\/\",\"name\":\"Welhomy\",\"description\":\"Gestion de Locations Touristiques\",\"publisher\":{\"@id\":\"https:\/\/welhomy.com\/#organization\"},\"potentialAction\":[{\"@type\":\"SearchAction\",\"target\":{\"@type\":\"EntryPoint\",\"urlTemplate\":\"https:\/\/welhomy.com\/?s={search_term_string}\"},\"query-input\":{\"@type\":\"PropertyValueSpecification\",\"valueRequired\":true,\"valueName\":\"search_term_string\"}}],\"inLanguage\":\"es\"},{\"@type\":\"Organization\",\"@id\":\"https:\/\/welhomy.com\/#organization\",\"name\":\"Welhomy\",\"url\":\"https:\/\/welhomy.com\/\",\"logo\":{\"@type\":\"ImageObject\",\"inLanguage\":\"es\",\"@id\":\"https:\/\/welhomy.com\/#\/schema\/logo\/image\/\",\"url\":\"https:\/\/welhomy.com\/wp-content\/uploads\/2024\/02\/LOGO-WELHOMY-MIDNIGHT-GREEN-FR.svg\",\"contentUrl\":\"https:\/\/welhomy.com\/wp-content\/uploads\/2024\/02\/LOGO-WELHOMY-MIDNIGHT-GREEN-FR.svg\",\"width\":1,\"height\":1,\"caption\":\"Welhomy\"},\"image\":{\"@id\":\"https:\/\/welhomy.com\/#\/schema\/logo\/image\/\"}}]}<\/script>\n<!-- \/ Yoast SEO plugin. -->","yoast_head_json":{"title":"Blog de Welhomy - Conseils et Astuces pour Gestion Locative","description":"Explorez le blog de Welhomy pour des conseils et astuces sur la gestion locative. Maximisez vos revenus et optimisez votre location touristique.","robots":{"index":"index","follow":"follow","max-snippet":"max-snippet:-1","max-image-preview":"max-image-preview:large","max-video-preview":"max-video-preview:-1"},"canonical":"https:\/\/welhomy.com\/es\/blog\/","og_locale":"es_ES","og_type":"article","og_title":"Blog de Welhomy - Conseils et Astuces pour Gestion Locative","og_description":"Explorez le blog de Welhomy pour des conseils et astuces sur la gestion locative. Maximisez vos revenus et optimisez votre location touristique.","og_url":"https:\/\/welhomy.com\/es\/blog\/","og_site_name":"Welhomy - Conciergerie","article_modified_time":"2024-07-02T06:39:22+00:00","og_image":[{"url":"https:\/\/welhomy.com\/wp-content\/uploads\/2024\/06\/76845-1-768x512.jpg","type":"","width":"","height":""}],"twitter_card":"summary_large_image","twitter_misc":{"Tiempo de lectura":"1 minuto"},"schema":{"@context":"https:\/\/schema.org","@graph":[{"@type":"WebPage","@id":"https:\/\/welhomy.com\/blog\/","url":"https:\/\/welhomy.com\/blog\/","name":"Blog de Welhomy - Conseils et Astuces pour Gestion Locative","isPartOf":{"@id":"https:\/\/welhomy.com\/#website"},"primaryImageOfPage":{"@id":"https:\/\/welhomy.com\/blog\/#primaryimage"},"image":{"@id":"https:\/\/welhomy.com\/blog\/#primaryimage"},"thumbnailUrl":"https:\/\/welhomy.com\/wp-content\/uploads\/2024\/06\/76845-1-768x512.jpg","datePublished":"2024-06-08T08:56:33+00:00","dateModified":"2024-07-02T06:39:22+00:00","description":"Explorez le blog de Welhomy pour des conseils et astuces sur la gestion locative. Maximisez vos revenus et optimisez votre location touristique.","breadcrumb":{"@id":"https:\/\/welhomy.com\/blog\/#breadcrumb"},"inLanguage":"es","potentialAction":[{"@type":"ReadAction","target":["https:\/\/welhomy.com\/blog\/"]}]},{"@type":"ImageObject","inLanguage":"es","@id":"https:\/\/welhomy.com\/blog\/#primaryimage","url":"https:\/\/welhomy.com\/wp-content\/uploads\/2024\/06\/76845-1-768x512.jpg","contentUrl":"https:\/\/welhomy.com\/wp-content\/uploads\/2024\/06\/76845-1-768x512.jpg"},{"@type":"BreadcrumbList","@id":"https:\/\/welhomy.com\/blog\/#breadcrumb","itemListElement":[{"@type":"ListItem","position":1,"name":"Accueil","item":"https:\/\/welhomy.com\/"},{"@type":"ListItem","position":2,"name":"Blog"}]},{"@type":"WebSite","@id":"https:\/\/welhomy.com\/#website","url":"https:\/\/welhomy.com\/","name":"Welhomy","description":"Gestion de Locations Touristiques","publisher":{"@id":"https:\/\/welhomy.com\/#organization"},"potentialAction":[{"@type":"SearchAction","target":{"@type":"EntryPoint","urlTemplate":"https:\/\/welhomy.com\/?s={search_term_string}"},"query-input":{"@type":"PropertyValueSpecification","valueRequired":true,"valueName":"search_term_string"}}],"inLanguage":"es"},{"@type":"Organization","@id":"https:\/\/welhomy.com\/#organization","name":"Welhomy","url":"https:\/\/welhomy.com\/","logo":{"@type":"ImageObject","inLanguage":"es","@id":"https:\/\/welhomy.com\/#\/schema\/logo\/image\/","url":"https:\/\/welhomy.com\/wp-content\/uploads\/2024\/02\/LOGO-WELHOMY-MIDNIGHT-GREEN-FR.svg","contentUrl":"https:\/\/welhomy.com\/wp-content\/uploads\/2024\/02\/LOGO-WELHOMY-MIDNIGHT-GREEN-FR.svg","width":1,"height":1,"caption":"Welhomy"},"image":{"@id":"https:\/\/welhomy.com\/#\/schema\/logo\/image\/"}}]}},"_links":{"self":[{"href":"https:\/\/welhomy.com\/es\/wp-json\/wp\/v2\/pages\/5451","targetHints":{"allow":["GET"]}}],"collection":[{"href":"https:\/\/welhomy.com\/es\/wp-json\/wp\/v2\/pages"}],"about":[{"href":"https:\/\/welhomy.com\/es\/wp-json\/wp\/v2\/types\/page"}],"author":[{"embeddable":true,"href":"https:\/\/welhomy.com\/es\/wp-json\/wp\/v2\/users\/1"}],"replies":[{"embeddable":true,"href":"https:\/\/welhomy.com\/es\/wp-json\/wp\/v2\/comments?post=5451"}],"version-history":[{"count":0,"href":"https:\/\/welhomy.com\/es\/wp-json\/wp\/v2\/pages\/5451\/revisions"}],"wp:attachment":[{"href":"https:\/\/welhomy.com\/es\/wp-json\/wp\/v2\/media?parent=5451"}],"curies":[{"name":"wp","href":"https:\/\/api.w.org\/{rel}","templated":true}]}}