{"id":6144,"date":"2024-06-27T12:14:18","date_gmt":"2024-06-27T10:14:18","guid":{"rendered":"https:\/\/welhomy.com\/?page_id=6144"},"modified":"2024-07-02T09:17:14","modified_gmt":"2024-07-02T07:17:14","slug":"mentions-legales","status":"publish","type":"page","link":"https:\/\/welhomy.com\/es\/mentions-legales\/","title":{"rendered":"Notas legales"},"content":{"rendered":"\t\t<div data-elementor-type=\"wp-page\" data-elementor-id=\"6144\" class=\"elementor elementor-6144\" data-elementor-post-type=\"page\">\n\t\t\t\t<div class=\"elementor-element elementor-element-085b3cd e-flex e-con-boxed e-con e-parent\" data-id=\"085b3cd\" data-element_type=\"container\" data-settings=\"{&quot;background_background&quot;:&quot;classic&quot;,&quot;jet_parallax_layout_list&quot;:[]}\">\n\t\t\t\t\t<div class=\"e-con-inner\">\n\t\t<div class=\"elementor-element elementor-element-8f08b0c e-con-full e-flex e-con e-child\" data-id=\"8f08b0c\" data-element_type=\"container\" data-settings=\"{&quot;jet_parallax_layout_list&quot;:[],&quot;background_background&quot;:&quot;classic&quot;}\">\n\t\t\t\t<div class=\"elementor-element elementor-element-4b28239 elementor-widget elementor-widget-spacer\" data-id=\"4b28239\" data-element_type=\"widget\" data-widget_type=\"spacer.default\">\n\t\t\t\t<div class=\"elementor-widget-container\">\n\t\t\t\t\t<div class=\"elementor-spacer\">\n\t\t\t<div class=\"elementor-spacer-inner\"><\/div>\n\t\t<\/div>\n\t\t\t\t<\/div>\n\t\t\t\t<\/div>\n\t\t\t\t<div class=\"elementor-element elementor-element-7a25037 elementor-widget-mobile__width-inherit elementor-widget elementor-widget-text-editor\" data-id=\"7a25037\" data-element_type=\"widget\" data-widget_type=\"text-editor.default\">\n\t\t\t\t<div class=\"elementor-widget-container\">\n\t\t\t\t\t\t\t<p>Mentions L\u00e9gales<\/p>\t\t\t\t\t\t<\/div>\n\t\t\t\t<\/div>\n\t\t\t\t<div class=\"elementor-element elementor-element-b128190 elementor-widget elementor-widget-spacer\" data-id=\"b128190\" data-element_type=\"widget\" data-widget_type=\"spacer.default\">\n\t\t\t\t<div class=\"elementor-widget-container\">\n\t\t\t\t\t<div class=\"elementor-spacer\">\n\t\t\t<div class=\"elementor-spacer-inner\"><\/div>\n\t\t<\/div>\n\t\t\t\t<\/div>\n\t\t\t\t<\/div>\n\t\t\t\t<\/div>\n\t\t\t\t\t<\/div>\n\t\t\t\t<\/div>\n\t\t<div data-dce-background-color=\"#FEFCF6\" class=\"elementor-element elementor-element-07f8d4e e-flex e-con-boxed e-con e-parent\" data-id=\"07f8d4e\" data-element_type=\"container\" data-settings=\"{&quot;background_background&quot;:&quot;classic&quot;,&quot;jet_parallax_layout_list&quot;:[],&quot;background_motion_fx_motion_fx_scrolling&quot;:&quot;yes&quot;,&quot;dce_visibility_click&quot;:&quot;#PROP-STEP-1, #RETOUR, #RETOUR-VOYAGEUR, #VOYAGEUR, #PROSPECTS, #RETOUR-PROSPECTS, #CITY, #RETOUR-CITY, #RETOUR-PROP-1&quot;,&quot;dce_visibility_click_show&quot;:&quot;slide&quot;,&quot;dce_visibility_click_toggle&quot;:&quot;yes&quot;,&quot;background_motion_fx_devices&quot;:[&quot;widescreen&quot;,&quot;desktop&quot;,&quot;laptop&quot;,&quot;tablet_extra&quot;,&quot;tablet&quot;,&quot;mobile&quot;],&quot;dce_visibility_event&quot;:&quot;click&quot;,&quot;dce_visibility_event_transition_delay&quot;:400}\">\n\t\t\t\t\t<div class=\"e-con-inner\">\n\t\t<div data-dce-background-color=\"#FFFFFF\" class=\"elementor-element elementor-element-c67c460 e-con-full e-flex e-con e-child\" data-id=\"c67c460\" data-element_type=\"container\" data-settings=\"{&quot;jet_parallax_layout_list&quot;:[],&quot;background_background&quot;:&quot;classic&quot;}\">\n\t\t\t\t<div class=\"elementor-element elementor-element-29e4558 elementor-widget elementor-widget-heading\" data-id=\"29e4558\" data-element_type=\"widget\" data-widget_type=\"heading.default\">\n\t\t\t\t<div class=\"elementor-widget-container\">\n\t\t\t<span class=\"elementor-heading-title elementor-size-default\">1 \u2013 \u00c9diteur<\/span>\t\t<\/div>\n\t\t\t\t<\/div>\n\t\t\t\t<div class=\"elementor-element elementor-element-aa90b8e elementor-widget__width-inherit elementor-widget elementor-widget-text-editor\" data-id=\"aa90b8e\" data-element_type=\"widget\" data-widget_type=\"text-editor.default\">\n\t\t\t\t<div class=\"elementor-widget-container\">\n\t\t\t\t\t\t\tLe pr\u00e9sent site web, accessible \u00e0 l\u2019adresse www.welhomy.com est r\u00e9alis\u00e9 par la Soci\u00e9t\u00e9 GUILBOT YANN, inscrite au registre du commerce de Perpignan sous le num\u00e9ro 84137049700023, dont le si\u00e8ge social est situ\u00e9 16 RUE DE PARIS, 66000 Perpignan.\nLa soci\u00e9t\u00e9 GUILBOT YANN est une micro-entreprise sp\u00e9cialis\u00e9e dans la prestation de services dans le domaine de la cr\u00e9ation de sites internet.\nLe directeur de la publication du Site Web est la soci\u00e9t\u00e9 GUILBOT YANN.\t\t\t\t\t\t<\/div>\n\t\t\t\t<\/div>\n\t\t\t\t<div class=\"elementor-element elementor-element-b48af49 elementor-widget elementor-widget-heading\" data-id=\"b48af49\" data-element_type=\"widget\" data-widget_type=\"heading.default\">\n\t\t\t\t<div class=\"elementor-widget-container\">\n\t\t\t<span class=\"elementor-heading-title elementor-size-default\">2 \u2013 Contenu du Site\n<\/span>\t\t<\/div>\n\t\t\t\t<\/div>\n\t\t\t\t<div class=\"elementor-element elementor-element-270357d elementor-widget__width-inherit elementor-widget elementor-widget-text-editor\" data-id=\"270357d\" data-element_type=\"widget\" data-widget_type=\"text-editor.default\">\n\t\t\t\t<div class=\"elementor-widget-container\">\n\t\t\t\t\t\t\t<p>Le contenu du site la structure g\u00e9n\u00e9rale, les textes, les images, anim\u00e9es ou non, et les sons dont le site est compos\u00e9 sont la propri\u00e9t\u00e9 exclusive de la marque WELHOMY. Toute repr\u00e9sentation totale ou partielle de ce Site et de son Contenu, par quelques proc\u00e9d\u00e9s que ce soient, sans l\u2019autorisation pr\u00e9alable expresse de la marque WELHOMY est interdite et constituerait une contrefa\u00e7on sanctionn\u00e9e par les articles L.335-2 et suivants du Code de la Propri\u00e9t\u00e9 intellectuelle.<br \/>Le site accessible \u00e0 l\u2019adresse www.welhomy.com est h\u00e9berg\u00e9 par la soci\u00e9t\u00e9 OVH, SAS au capital de 500 k\u20ac RCS Roubaix \u2013 Tourcoing 424 761 419 00011 \u2013Si\u00e8ge social : 140 Quai du Sartel \u2013 59100 Roubaix \u2013 France, accessible \u00e0 http:\/\/www.ovh.com.<\/p>\t\t\t\t\t\t<\/div>\n\t\t\t\t<\/div>\n\t\t\t\t<div class=\"elementor-element elementor-element-920f1ef elementor-widget elementor-widget-heading\" data-id=\"920f1ef\" data-element_type=\"widget\" data-widget_type=\"heading.default\">\n\t\t\t\t<div class=\"elementor-widget-container\">\n\t\t\t<span class=\"elementor-heading-title elementor-size-default\">3 \u2013 Licence d\u2019utilisation du Contenu du Site\n<\/span>\t\t<\/div>\n\t\t\t\t<\/div>\n\t\t\t\t<div class=\"elementor-element elementor-element-2c2814e elementor-widget__width-inherit elementor-widget elementor-widget-text-editor\" data-id=\"2c2814e\" data-element_type=\"widget\" data-widget_type=\"text-editor.default\">\n\t\t\t\t<div class=\"elementor-widget-container\">\n\t\t\t\t\t\t\t<p>Du seul fait de sa connexion au site, l\u2019utilisateur reconna\u00eet accepter de la marque WELHOMY, une licence d\u2019usage du Contenu du Site strictement limit\u00e9e aux conditions imp\u00e9ratives suivantes :<br \/>La pr\u00e9sente licence est accord\u00e9e \u00e0 titre non exclusif et n\u2019est pas transmissible.<br \/>Le droit d\u2019usage conf\u00e9r\u00e9 \u00e0 l\u2019utilisateur\/internaute est personnel et priv\u00e9 : c\u2019est-\u00e0-dire que toute reproduction du contenu du site sur un quelconque support pour un usage collectif ou professionnel, m\u00eame en interne dans l\u2019entreprise, est prohib\u00e9e. Il en est de m\u00eame pour toute communication de ce contenu par voie \u00e9lectronique, m\u00eame diffus\u00e9 en intranet ou en extranet d\u2019entreprise.<br \/>Le droit d\u2019usage comprend seulement l\u2019autorisation de consulter le site et son contenu.<br \/>Cet usage comprend seulement l\u2019autorisation de reproduire pour stockage aux fins de repr\u00e9sentation sur \u00e9cran monoposte et de reproduction en un exemplaire, pour copie de sauvegarde et tirage papier. Tout autre usage est soumis \u00e0 l\u2019autorisation expresse pr\u00e9alable de la marque WELHOMY. La violation de ces dispositions soumet le contrevenant et toutes personnes responsables aux peines p\u00e9nales et civiles pr\u00e9vues par la loi fran\u00e7aise.<\/p>\t\t\t\t\t\t<\/div>\n\t\t\t\t<\/div>\n\t\t\t\t<div class=\"elementor-element elementor-element-6d18476 elementor-widget elementor-widget-heading\" data-id=\"6d18476\" data-element_type=\"widget\" data-widget_type=\"heading.default\">\n\t\t\t\t<div class=\"elementor-widget-container\">\n\t\t\t<span class=\"elementor-heading-title elementor-size-default\">4 \u2013 Loi informatique, fichiers et libert\u00e9s\n<\/span>\t\t<\/div>\n\t\t\t\t<\/div>\n\t\t\t\t<div class=\"elementor-element elementor-element-89ae5a5 elementor-widget__width-inherit elementor-widget elementor-widget-text-editor\" data-id=\"89ae5a5\" data-element_type=\"widget\" data-widget_type=\"text-editor.default\">\n\t\t\t\t<div class=\"elementor-widget-container\">\n\t\t\t\t\t\t\t<p>La marque WELHOMY est le responsable du traitement des donn\u00e9es collect\u00e9es sur son site via : www.welhomy.com<br \/>L\u2019utilisateur est notamment inform\u00e9 que conform\u00e9ment \u00e0 l\u2019article 32 de la loi Informatique et libert\u00e9s du 6 janvier 1978 modifi\u00e9e, les informations qu\u2019il communique par les formulaires pr\u00e9sents sur le site de WELHOMY sont n\u00e9cessaires pour r\u00e9pondre \u00e0 sa demande et sont destin\u00e9es aux services en charge de r\u00e9pondre \u00e0 sa demande \u00e0 des fins de suivi de cette demande.<br \/>Conform\u00e9ment aux dispositions des articles 39 et 40 de la loi \u00ab Informatique et Libert\u00e9s \u00bb du 6 janvier 1978 modifi\u00e9e en 2004, l\u2019utilisateur b\u00e9n\u00e9ficie d\u2019un droit d\u2019acc\u00e8s, de rectification, de mise \u00e0 jour et d\u2019effacement des informations qui le concernent, qu\u2019il peut exercer en s\u2019adressant \u00e0 l\u2019adresse mail contact@welhomy.com ou par courrier \u00e0 l\u2019adresse de la soci\u00e9t\u00e9 : Puigmal, 22, 1B, 17480, Roses, Girona, Espa\u00f1a, en joignant la copie de son justificatif d\u2019identit\u00e9.<br \/>Conform\u00e9ment aux dispositions de l\u2019article 38 de la loi \u00ab Informatique et Libert\u00e9s \u00bb du 6 janvier 1978 modifi\u00e9e en 2004, l\u2019utilisateur peut \u00e9galement s\u2019opposer, pour des motifs l\u00e9gitimes \u00e0 ce que ses donn\u00e9es fassent l\u2019objet d\u2019un traitement et sans motif et sans frais, \u00e0 ce que ses donn\u00e9es soient utilis\u00e9es \u00e0 des fins de prospection commerciale.<br \/>L\u2019utilisateur est inform\u00e9 que lors de ses visites sur le site wwww.welhomy.com, un cookie peut s\u2019installer automatiquement sur son logiciel de navigation.<br \/>Le cookie est un bloc de donn\u00e9es qui ne permet pas d\u2019identifier les utilisateurs mais sert \u00e0 enregistrer des informations relatives \u00e0 la navigation de celui-ci sur le site. Le param\u00e9trage du logiciel de navigation permet d\u2019informer de la pr\u00e9sence de cookie et \u00e9ventuellement, de la refuser de la mani\u00e8re d\u00e9crite \u00e0 l\u2019adresse suivante www.cnil.fr.<br \/>L\u2019utilisateur dispose d\u2019un droit d\u2019acc\u00e8s, de retrait et de modification des donn\u00e9es \u00e0 caract\u00e8re personnel communiqu\u00e9es par le biais des cookies dans les conditions indiqu\u00e9es ci-dessus.<br \/>L\u2019utilisateur du site welhomy.com est tenu de respecter les dispositions de la loi Informatique et libert\u00e9s du 6 janvier 1978 modifi\u00e9e dont la violation est passible de sanctions p\u00e9nales. Il doit notamment s\u2019abstenir, s\u2019agissant des informations nominatives auxquelles il acc\u00e8de, de toute collecte, de toute utilisation d\u00e9tourn\u00e9e, et d\u2019une mani\u00e8re g\u00e9n\u00e9rale, de tout acte susceptible de porter atteinte \u00e0 la vie priv\u00e9e ou \u00e0 la r\u00e9putation des personnes.<\/p>\t\t\t\t\t\t<\/div>\n\t\t\t\t<\/div>\n\t\t\t\t<div class=\"elementor-element elementor-element-b1a48bf elementor-widget elementor-widget-heading\" data-id=\"b1a48bf\" data-element_type=\"widget\" data-widget_type=\"heading.default\">\n\t\t\t\t<div class=\"elementor-widget-container\">\n\t\t\t<span class=\"elementor-heading-title elementor-size-default\">5 \u2013 Liens Hypertextes\n<\/span>\t\t<\/div>\n\t\t\t\t<\/div>\n\t\t\t\t<div class=\"elementor-element elementor-element-d18b16f elementor-widget__width-inherit elementor-widget elementor-widget-text-editor\" data-id=\"d18b16f\" data-element_type=\"widget\" data-widget_type=\"text-editor.default\">\n\t\t\t\t<div class=\"elementor-widget-container\">\n\t\t\t\t\t\t\t<p>Les liens hypertextes mis en place dans le cadre du pr\u00e9sent site en direction d\u2019autres ressources pr\u00e9sentes sur le r\u00e9seau Internet, ne sauraient engager la responsabilit\u00e9 de la la marque WELHOMY. Les utilisateurs\/internautes du site ne peuvent mettre en place un lien hypertexte en direction de ce site sans l\u2019autorisation expresse et pr\u00e9alable de la marque WELHOMY<\/p>\t\t\t\t\t\t<\/div>\n\t\t\t\t<\/div>\n\t\t\t\t<div class=\"elementor-element elementor-element-c93d780 elementor-widget elementor-widget-heading\" data-id=\"c93d780\" data-element_type=\"widget\" data-widget_type=\"heading.default\">\n\t\t\t\t<div class=\"elementor-widget-container\">\n\t\t\t<span class=\"elementor-heading-title elementor-size-default\">6 \u2013 Autorisation de reproduction de contenus et de mise en place d\u2019hyperliens<\/span>\t\t<\/div>\n\t\t\t\t<\/div>\n\t\t\t\t<div class=\"elementor-element elementor-element-17febd3 elementor-widget__width-inherit elementor-widget elementor-widget-text-editor\" data-id=\"17febd3\" data-element_type=\"widget\" data-widget_type=\"text-editor.default\">\n\t\t\t\t<div class=\"elementor-widget-container\">\n\t\t\t\t\t\t\tPour toute information et demande de reproduction d\u2019un contenu paru sur le site www.welhomy.com (textes, graphiques, illustrations) quel qu\u2019en soit le support, comme pour toute autorisation de mise en place d\u2019un hyperlien, l\u2019utilisateur est invit\u00e9 \u00e0 adresser sa demande e-mail \u00e0 contact@welhomy.com\n\t\t\t\t\t\t<\/div>\n\t\t\t\t<\/div>\n\t\t\t\t<div class=\"elementor-element elementor-element-4ab6460 elementor-widget elementor-widget-heading\" data-id=\"4ab6460\" data-element_type=\"widget\" data-widget_type=\"heading.default\">\n\t\t\t\t<div class=\"elementor-widget-container\">\n\t\t\t<span class=\"elementor-heading-title elementor-size-default\">7 \u2013 Respect de la vie priv\u00e9e<\/span>\t\t<\/div>\n\t\t\t\t<\/div>\n\t\t\t\t<div class=\"elementor-element elementor-element-44ddcd3 elementor-widget__width-inherit elementor-widget elementor-widget-text-editor\" data-id=\"44ddcd3\" data-element_type=\"widget\" data-widget_type=\"text-editor.default\">\n\t\t\t\t<div class=\"elementor-widget-container\">\n\t\t\t\t\t\t\tWELHOMY respecte votre vie priv\u00e9e et s\u2019engage \u00e0 la prot\u00e9ger. La pr\u00e9sente d\u00e9claration est destin\u00e9e \u00e0 vous informer de notre politique et de nos pratiques en mati\u00e8re de respect de la vie priv\u00e9e, ainsi que des choix que vous pouvez op\u00e9rer sur la mani\u00e8re dont vos coordonn\u00e9es sont recueillies en ligne et comment elles sont utilis\u00e9es. Le site web et notre activit\u00e9 professionnelle sont r\u00e9gis par le Droit fran\u00e7ais. En cas de litige r\u00e9sultant de votre utilisation de nos sites web, seuls les Tribunaux fran\u00e7ais sont comp\u00e9tents.\n\n\t\t\t\t\t\t<\/div>\n\t\t\t\t<\/div>\n\t\t\t\t<div class=\"elementor-element elementor-element-0949651 elementor-widget__width-inherit elementor-widget elementor-widget-text-editor\" data-id=\"0949651\" data-element_type=\"widget\" data-widget_type=\"text-editor.default\">\n\t\t\t\t<div class=\"elementor-widget-container\">\n\t\t\t\t\t\t\tTous droits r\u00e9serv\u00e9s \u00a9 \u2013 2024 WELHOMY\t\t\t\t\t\t<\/div>\n\t\t\t\t<\/div>\n\t\t\t\t<\/div>\n\t\t\t\t\t<\/div>\n\t\t\t\t<\/div>\n\t\t\t\t<\/div>\n\t\t","protected":false},"excerpt":{"rendered":"<p>Mentions L\u00e9gales 1 \u2013 \u00c9diteur Le pr\u00e9sent site web, accessible \u00e0 l\u2019adresse www.welhomy.com est r\u00e9alis\u00e9 par la Soci\u00e9t\u00e9 GUILBOT YANN, inscrite au registre du commerce de Perpignan sous le num\u00e9ro 84137049700023, dont le si\u00e8ge social est situ\u00e9 16 RUE DE PARIS, 66000 Perpignan. La soci\u00e9t\u00e9 GUILBOT YANN est une micro-entreprise sp\u00e9cialis\u00e9e dans la prestation de [&hellip;]<\/p>\n","protected":false},"author":1,"featured_media":0,"parent":0,"menu_order":0,"comment_status":"closed","ping_status":"closed","template":"","meta":{"footnotes":""},"class_list":["post-6144","page","type-page","status-publish","hentry"],"acf":[],"yoast_head":"<!-- This site is optimized with the Yoast SEO plugin v27.1.1 - https:\/\/yoast.com\/product\/yoast-seo-wordpress\/ -->\n<title>Mentions L\u00e9gales - Welhomy - Conciergerie<\/title>\n<meta name=\"robots\" content=\"index, follow, max-snippet:-1, max-image-preview:large, max-video-preview:-1\" \/>\n<link rel=\"canonical\" href=\"https:\/\/welhomy.com\/es\/mentions-legales\/\" \/>\n<meta property=\"og:locale\" content=\"es_ES\" \/>\n<meta property=\"og:type\" content=\"article\" \/>\n<meta property=\"og:title\" content=\"Mentions L\u00e9gales - Welhomy - Conciergerie\" \/>\n<meta property=\"og:description\" content=\"Mentions L\u00e9gales 1 \u2013 \u00c9diteur Le pr\u00e9sent site web, accessible \u00e0 l\u2019adresse www.welhomy.com est r\u00e9alis\u00e9 par la Soci\u00e9t\u00e9 GUILBOT YANN, inscrite au registre du commerce de Perpignan sous le num\u00e9ro 84137049700023, dont le si\u00e8ge social est situ\u00e9 16 RUE DE PARIS, 66000 Perpignan. La soci\u00e9t\u00e9 GUILBOT YANN est une micro-entreprise sp\u00e9cialis\u00e9e dans la prestation de [&hellip;]\" \/>\n<meta property=\"og:url\" content=\"https:\/\/welhomy.com\/es\/mentions-legales\/\" \/>\n<meta property=\"og:site_name\" content=\"Welhomy - Conciergerie\" \/>\n<meta property=\"article:modified_time\" content=\"2024-07-02T07:17:14+00:00\" \/>\n<meta name=\"twitter:card\" content=\"summary_large_image\" \/>\n<meta name=\"twitter:label1\" content=\"Tiempo de lectura\" \/>\n\t<meta name=\"twitter:data1\" content=\"5 minutos\" \/>\n<script type=\"application\/ld+json\" class=\"yoast-schema-graph\">{\"@context\":\"https:\/\/schema.org\",\"@graph\":[{\"@type\":\"WebPage\",\"@id\":\"https:\/\/welhomy.com\/mentions-legales\/\",\"url\":\"https:\/\/welhomy.com\/mentions-legales\/\",\"name\":\"Mentions L\u00e9gales - Welhomy - Conciergerie\",\"isPartOf\":{\"@id\":\"https:\/\/welhomy.com\/#website\"},\"datePublished\":\"2024-06-27T10:14:18+00:00\",\"dateModified\":\"2024-07-02T07:17:14+00:00\",\"breadcrumb\":{\"@id\":\"https:\/\/welhomy.com\/mentions-legales\/#breadcrumb\"},\"inLanguage\":\"es\",\"potentialAction\":[{\"@type\":\"ReadAction\",\"target\":[\"https:\/\/welhomy.com\/mentions-legales\/\"]}]},{\"@type\":\"BreadcrumbList\",\"@id\":\"https:\/\/welhomy.com\/mentions-legales\/#breadcrumb\",\"itemListElement\":[{\"@type\":\"ListItem\",\"position\":1,\"name\":\"Accueil\",\"item\":\"https:\/\/welhomy.com\/\"},{\"@type\":\"ListItem\",\"position\":2,\"name\":\"Mentions L\u00e9gales\"}]},{\"@type\":\"WebSite\",\"@id\":\"https:\/\/welhomy.com\/#website\",\"url\":\"https:\/\/welhomy.com\/\",\"name\":\"Welhomy\",\"description\":\"Gestion de Locations Touristiques\",\"publisher\":{\"@id\":\"https:\/\/welhomy.com\/#organization\"},\"potentialAction\":[{\"@type\":\"SearchAction\",\"target\":{\"@type\":\"EntryPoint\",\"urlTemplate\":\"https:\/\/welhomy.com\/?s={search_term_string}\"},\"query-input\":{\"@type\":\"PropertyValueSpecification\",\"valueRequired\":true,\"valueName\":\"search_term_string\"}}],\"inLanguage\":\"es\"},{\"@type\":\"Organization\",\"@id\":\"https:\/\/welhomy.com\/#organization\",\"name\":\"Welhomy\",\"url\":\"https:\/\/welhomy.com\/\",\"logo\":{\"@type\":\"ImageObject\",\"inLanguage\":\"es\",\"@id\":\"https:\/\/welhomy.com\/#\/schema\/logo\/image\/\",\"url\":\"https:\/\/welhomy.com\/wp-content\/uploads\/2024\/02\/LOGO-WELHOMY-MIDNIGHT-GREEN-FR.svg\",\"contentUrl\":\"https:\/\/welhomy.com\/wp-content\/uploads\/2024\/02\/LOGO-WELHOMY-MIDNIGHT-GREEN-FR.svg\",\"width\":1,\"height\":1,\"caption\":\"Welhomy\"},\"image\":{\"@id\":\"https:\/\/welhomy.com\/#\/schema\/logo\/image\/\"}}]}<\/script>\n<!-- \/ Yoast SEO plugin. -->","yoast_head_json":{"title":"Mentions L\u00e9gales - Welhomy - Conciergerie","robots":{"index":"index","follow":"follow","max-snippet":"max-snippet:-1","max-image-preview":"max-image-preview:large","max-video-preview":"max-video-preview:-1"},"canonical":"https:\/\/welhomy.com\/es\/mentions-legales\/","og_locale":"es_ES","og_type":"article","og_title":"Mentions L\u00e9gales - Welhomy - Conciergerie","og_description":"Mentions L\u00e9gales 1 \u2013 \u00c9diteur Le pr\u00e9sent site web, accessible \u00e0 l\u2019adresse www.welhomy.com est r\u00e9alis\u00e9 par la Soci\u00e9t\u00e9 GUILBOT YANN, inscrite au registre du commerce de Perpignan sous le num\u00e9ro 84137049700023, dont le si\u00e8ge social est situ\u00e9 16 RUE DE PARIS, 66000 Perpignan. La soci\u00e9t\u00e9 GUILBOT YANN est une micro-entreprise sp\u00e9cialis\u00e9e dans la prestation de [&hellip;]","og_url":"https:\/\/welhomy.com\/es\/mentions-legales\/","og_site_name":"Welhomy - Conciergerie","article_modified_time":"2024-07-02T07:17:14+00:00","twitter_card":"summary_large_image","twitter_misc":{"Tiempo de lectura":"5 minutos"},"schema":{"@context":"https:\/\/schema.org","@graph":[{"@type":"WebPage","@id":"https:\/\/welhomy.com\/mentions-legales\/","url":"https:\/\/welhomy.com\/mentions-legales\/","name":"Mentions L\u00e9gales - Welhomy - Conciergerie","isPartOf":{"@id":"https:\/\/welhomy.com\/#website"},"datePublished":"2024-06-27T10:14:18+00:00","dateModified":"2024-07-02T07:17:14+00:00","breadcrumb":{"@id":"https:\/\/welhomy.com\/mentions-legales\/#breadcrumb"},"inLanguage":"es","potentialAction":[{"@type":"ReadAction","target":["https:\/\/welhomy.com\/mentions-legales\/"]}]},{"@type":"BreadcrumbList","@id":"https:\/\/welhomy.com\/mentions-legales\/#breadcrumb","itemListElement":[{"@type":"ListItem","position":1,"name":"Accueil","item":"https:\/\/welhomy.com\/"},{"@type":"ListItem","position":2,"name":"Mentions L\u00e9gales"}]},{"@type":"WebSite","@id":"https:\/\/welhomy.com\/#website","url":"https:\/\/welhomy.com\/","name":"Welhomy","description":"Gestion de Locations Touristiques","publisher":{"@id":"https:\/\/welhomy.com\/#organization"},"potentialAction":[{"@type":"SearchAction","target":{"@type":"EntryPoint","urlTemplate":"https:\/\/welhomy.com\/?s={search_term_string}"},"query-input":{"@type":"PropertyValueSpecification","valueRequired":true,"valueName":"search_term_string"}}],"inLanguage":"es"},{"@type":"Organization","@id":"https:\/\/welhomy.com\/#organization","name":"Welhomy","url":"https:\/\/welhomy.com\/","logo":{"@type":"ImageObject","inLanguage":"es","@id":"https:\/\/welhomy.com\/#\/schema\/logo\/image\/","url":"https:\/\/welhomy.com\/wp-content\/uploads\/2024\/02\/LOGO-WELHOMY-MIDNIGHT-GREEN-FR.svg","contentUrl":"https:\/\/welhomy.com\/wp-content\/uploads\/2024\/02\/LOGO-WELHOMY-MIDNIGHT-GREEN-FR.svg","width":1,"height":1,"caption":"Welhomy"},"image":{"@id":"https:\/\/welhomy.com\/#\/schema\/logo\/image\/"}}]}},"_links":{"self":[{"href":"https:\/\/welhomy.com\/es\/wp-json\/wp\/v2\/pages\/6144","targetHints":{"allow":["GET"]}}],"collection":[{"href":"https:\/\/welhomy.com\/es\/wp-json\/wp\/v2\/pages"}],"about":[{"href":"https:\/\/welhomy.com\/es\/wp-json\/wp\/v2\/types\/page"}],"author":[{"embeddable":true,"href":"https:\/\/welhomy.com\/es\/wp-json\/wp\/v2\/users\/1"}],"replies":[{"embeddable":true,"href":"https:\/\/welhomy.com\/es\/wp-json\/wp\/v2\/comments?post=6144"}],"version-history":[{"count":0,"href":"https:\/\/welhomy.com\/es\/wp-json\/wp\/v2\/pages\/6144\/revisions"}],"wp:attachment":[{"href":"https:\/\/welhomy.com\/es\/wp-json\/wp\/v2\/media?parent=6144"}],"curies":[{"name":"wp","href":"https:\/\/api.w.org\/{rel}","templated":true}]}}